{"id":51,"date":"2025-08-13T13:44:36","date_gmt":"2025-08-13T18:44:36","guid":{"rendered":"https:\/\/nopikex.com\/?page_id=51"},"modified":"2025-12-11T21:14:28","modified_gmt":"2025-12-12T02:14:28","slug":"prevencion","status":"publish","type":"page","link":"https:\/\/nopikex.com\/en\/prevencion\/","title":{"rendered":"Prevention"},"content":{"rendered":"<div class=\"wp-block-uagb-container uagb-block-096d4c9f alignfull uagb-is-root-container\"><div class=\"uagb-container__shape uagb-container__shape-bottom uagb-container__shape-flip uagb-container__invert\" data-negative=\"false\"><svg xmlns=\"https:\/\/www.w3.org\/2000\/svg\" viewbox=\"0 0 1000 100\" preserveaspectratio=\"none\"><path class=\"uagb-container__shape-fill\" d=\"M500,98.9L0,6.1V0h1000v6.1L500,98.9z\"><\/path><\/svg><\/div><div class=\"uagb-container-inner-blocks-wrap\">\r\n<div class=\"wp-block-uagb-advanced-heading uagb-block-a729727e\"><h2 class=\"uagb-heading-text\">Prevention<\/h2><\/div>\r\n<\/div><\/div>\r\n\r\n\r\n\r\n<div class=\"wp-block-uagb-container uagb-block-12dbaf08 alignfull uagb-is-root-container\"><div class=\"uagb-container-inner-blocks-wrap\">\r\n<div class=\"wp-block-uagb-advanced-heading uagb-block-5e073ee0 justificado\"><p class=\"uagb-heading-text\">While the protection of vector-borne diseases can take a number of forms, the proper use of a repellent is the only way to ensure full and continuous protection.<br>La raz\u00f3n principal de esto es que los insectos que pican y&nbsp;transmiten estas enfermedades mortales est\u00e1n activos durante todo el d\u00eda y la noche. As\u00ed, por ejemplo, el uso de un mosquitero tratado con insecticida, como medio de protecci\u00f3n contra el Dengue, es poco probable que sea eficaz dado que el mosquito que trasnsmite el Dengue (Aedes aegypti) esta activo y pica durante el d\u00eda cuando es probable estar fuera de la protecci\u00f3n del mosquitero.<br>When used according to the instructions, NOPIKEX \u00a9 is very effective against all hematophagous insects, including those that are vectors of the following diseases, debilitating and often fatal.<\/p><\/div>\r\n\r\n\r\n\r\n<style>\r\n  .tabla-enfermedades {\r\n    width: 100%;\r\n    border-collapse: separate; \/* importante para que funcione la sombra *\/\r\n    border-spacing: 0 10px; \/* separaci\u00f3n entre filas *\/\r\n    font-size: 14px;\r\n    color: #67768e;\r\n    font-family: inherit; \/* misma fuente del sitio *\/\r\n  }\r\n\r\n  .tabla-enfermedades thead th {\r\n    text-align: left;\r\n    padding: 12px 8px;\r\n    font-weight: bold;\r\n    font-size: 16px;\r\n\r\n  }\r\n\r\n  .tabla-enfermedades tbody tr {\r\n    background: #fff;\r\n    box-shadow: 0 2px 5px rgba(0,0,0,0.08);\r\n  }\r\n\r\n  .tabla-enfermedades tbody td {\r\n    padding: 12px 8px;\r\n    vertical-align: top;\r\n  }\r\n\r\n  .tabla-enfermedades tbody tr:hover {\r\n    box-shadow: 0 4px 10px rgba(0,0,0,0.12);\r\n  }\r\ntable {\r\n  width: 100%;\r\n  border-collapse: collapse; \/* Une los bordes para que no se dupliquen *\/\r\n  border: none !important; \/* Quita todos los bordes *\/\r\n}\r\n\r\ntable td, \r\ntable th {\r\n  border: none !important; \/* Elimina cualquier borde en celdas *\/\r\n  padding: 12px 15px; \/* Espaciado para que se vea m\u00e1s limpio *\/\r\n  font-size: 14px;\r\n  text-align: left;\r\n}\r\n\r\ntable tr {\r\n  border: none;\r\n  box-shadow: 0 2px 4px rgba(0,0,0,0.1); \/* Sombra debajo de cada fila *\/\r\n}\r\n\r\n<\/style>\r\n\r\n<table class=\"tabla-enfermedades\">\r\n  <thead>\r\n    <tr>\r\n      <th>Disease<\/th>\r\n      <th>Transmitted by<\/th>\r\n      <th>Area<\/th>\r\n    <\/tr>\r\n  <\/thead>\r\n  <tbody>\r\n    <tr>\r\n      <td>Malaria<\/td>\r\n      <td>Mosquito<\/td>\r\n      <td>Global \u2013 tropical and subtropical Areas<\/td>\r\n    <\/tr>\r\n    <tr>\r\n      <td>Dengue<\/td>\r\n      <td>Mosquito<\/td>\r\n      <td>In tropical africa, southeast Asia, South America and the Pacific<\/td>\r\n    <\/tr>\r\n    <tr>\r\n      <td>Yellow Fever<\/td>\r\n      <td>Mosquito<\/td>\r\n      <td>The tropical areas of Africa &amp; Central and South America<\/td>\r\n    <\/tr>\r\n    <tr>\r\n      <td>Filariasis<\/td>\r\n      <td>Mosquitoes, Black Flies<\/td>\r\n      <td>Global \u2013 tropical and subtropical Areas<\/td>\r\n    <\/tr>\r\n    <tr>\r\n      <td>Leishmaniasis<\/td>\r\n      <td>Sandflies<\/td>\r\n      <td>Global \u2013 tropical and subtropical Areas, including the mediterranean<\/td>\r\n    <\/tr>\r\n    <tr>\r\n      <td>Chikungunya<\/td>\r\n      <td>Mosquito<\/td>\r\n      <td>Africa, Asia and the indian subcontinent. In recent decades mosquito vectors of Chikungunya have spread to Europe and the Americas.<\/td>\r\n    <\/tr>\r\n    <tr>\r\n      <td>West Nile Virus<\/td>\r\n      <td>Mosquito<\/td>\r\n      <td>Africa, West Asia, the Middle East and the united States<\/td>\r\n    <\/tr>\r\n    <tr>\r\n      <td>Chagas disease<\/td>\r\n      <td>Kissing Bugs<\/td>\r\n      <td>Tropical areas of South america and Central Central america<\/td>\r\n    <\/tr>\r\n    <tr>\r\n      <td>Lyme disease<\/td>\r\n      <td>Ticks<\/td>\r\n      <td>Europe, Usa, Australia, China &amp; Japan<\/td>\r\n    <\/tr>\r\n    <tr>\r\n      <td>Sleeping sickness<\/td>\r\n      <td>Fly ts\u00e9ts\u00e9<\/td>\r\n      <td>Central africa to the south, west and east<\/td>\r\n    <\/tr>\r\n    <tr>\r\n      <td>Fever typhus<\/td>\r\n      <td>Ticks, mites, fleas, lice<\/td>\r\n      <td>Global<\/td>\r\n    <\/tr>\r\n    <tr>\r\n      <td>Plague<\/td>\r\n      <td>Flea<\/td>\r\n      <td>Global<\/td>\r\n    <\/tr>\r\n    <tr>\r\n      <td>Virus, japanese B encephalitis<\/td>\r\n      <td>Mosquito<\/td>\r\n      <td>The Far East and Southeast Asia<\/td>\r\n    <\/tr>\r\n    <tr>\r\n      <td>River Blindness<\/td>\r\n      <td>Black Flies<\/td>\r\n      <td>Africa, Latin America, Yemen<\/td>\r\n    <\/tr>\r\n    <tr>\r\n      <td>Tick-borne encephalitis<\/td>\r\n      <td>Ticks<\/td>\r\n      <td>Forested areas of Central &amp; Eastern Europe, Scandinavia and former USSR<\/td>\r\n    <\/tr>\r\n    <tr>\r\n      <td>Crimean-Congo hemorrhagic fever<\/td>\r\n      <td>Ticks<\/td>\r\n      <td>Africa, the Balkans, the Middle East and Asia, in countries south of the 50th parallel north.<\/td>\r\n    <\/tr>\r\n  <\/tbody>\r\n<\/table>\r\n\r\n\r\n\r\n<div class=\"wp-block-uagb-advanced-heading uagb-block-0ad3542f justificado\"><p class=\"uagb-heading-text\">The overwhelming increase of vector-borne diseases will only increase. And, as a result, personal protection, will be a necessity and not something random.<br>The factors that affect the epidemics of vector-borne diseases, which include:<\/p><\/div>\r\n\r\n\r\n\r\n<ul class=\"wp-block-list justificado\">\r\n<li>Urbanization and population increase out of control, coupled with housing and water supply depressed and a poor handling of the health care system.<\/li>\r\n\r\n\r\n\r\n<li>The increase in the use of dams for irrigation and power generation that multiply the breeding grounds of mosquitoes.<\/li>\r\n\r\n\r\n\r\n<li>Aumento de movilidad y transporte&nbsp;a\u00e9reo&nbsp;de carga, lo cual, multiplica las \u00e1reas de futuro contagio.<\/li>\r\n\r\n\r\n\r\n<li>The increase of immigrants refugees from areas endemic to those that are not.<\/li>\r\n\r\n\r\n\r\n<li>El calentamiento global que hace que \u00e1reas previamente no viables a &nbsp;los vectores ya sirvan de criaderos.<\/li>\r\n<\/ul>\r\n<\/div><\/div>","protected":false},"excerpt":{"rendered":"<p>Prevenci\u00f3n Si bien la protecci\u00f3n de enfermedades transmitidas por vectores puede tomar un n\u00famero de formas, el uso adecuado de [&hellip;]<\/p>","protected":false},"author":1,"featured_media":0,"parent":0,"menu_order":0,"comment_status":"closed","ping_status":"closed","template":"","meta":{"_uag_custom_page_level_css":"","site-sidebar-layout":"default","site-content-layout":"","ast-site-content-layout":"default","site-content-style":"default","site-sidebar-style":"default","ast-global-header-display":"","ast-banner-title-visibility":"","ast-main-header-display":"","ast-hfb-above-header-display":"","ast-hfb-below-header-display":"","ast-hfb-mobile-header-display":"","site-post-title":"disabled","ast-breadcrumbs-content":"","ast-featured-img":"","footer-sml-layout":"","ast-disable-related-posts":"","theme-transparent-header-meta":"","adv-header-id-meta":"","stick-header-meta":"","header-above-stick-meta":"","header-main-stick-meta":"","header-below-stick-meta":"","astra-migrate-meta-layouts":"default","ast-page-background-enabled":"default","ast-page-background-meta":{"desktop":{"background-color":"var(--ast-global-color-5)","background-image":"","background-repeat":"repeat","background-position":"center center","background-size":"auto","background-attachment":"scroll","background-type":"","background-media":"","overlay-type":"","overlay-color":"","overlay-opacity":"","overlay-gradient":""},"tablet":{"background-color":"","background-image":"","background-repeat":"repeat","background-position":"center center","background-size":"auto","background-attachment":"scroll","background-type":"","background-media":"","overlay-type":"","overlay-color":"","overlay-opacity":"","overlay-gradient":""},"mobile":{"background-color":"","background-image":"","background-repeat":"repeat","background-position":"center center","background-size":"auto","background-attachment":"scroll","background-type":"","background-media":"","overlay-type":"","overlay-color":"","overlay-opacity":"","overlay-gradient":""}},"ast-content-background-meta":{"desktop":{"background-color":"var(--ast-global-color-4)","background-image":"","background-repeat":"repeat","background-position":"center center","background-size":"auto","background-attachment":"scroll","background-type":"","background-media":"","overlay-type":"","overlay-color":"","overlay-opacity":"","overlay-gradient":""},"tablet":{"background-color":"var(--ast-global-color-4)","background-image":"","background-repeat":"repeat","background-position":"center center","background-size":"auto","background-attachment":"scroll","background-type":"","background-media":"","overlay-type":"","overlay-color":"","overlay-opacity":"","overlay-gradient":""},"mobile":{"background-color":"var(--ast-global-color-4)","background-image":"","background-repeat":"repeat","background-position":"center center","background-size":"auto","background-attachment":"scroll","background-type":"","background-media":"","overlay-type":"","overlay-color":"","overlay-opacity":"","overlay-gradient":""}},"footnotes":""},"class_list":["post-51","page","type-page","status-publish","hentry"],"uagb_featured_image_src":{"full":false,"thumbnail":false,"medium":false,"medium_large":false,"large":false,"1536x1536":false,"2048x2048":false,"trp-custom-language-flag":false},"uagb_author_info":{"display_name":"admin","author_link":"https:\/\/nopikex.com\/en\/author\/admin\/"},"uagb_comment_info":0,"uagb_excerpt":"Prevenci\u00f3n Si bien la protecci\u00f3n de enfermedades transmitidas por vectores puede tomar un n\u00famero de formas, el uso adecuado de [&hellip;]","_links":{"self":[{"href":"https:\/\/nopikex.com\/en\/wp-json\/wp\/v2\/pages\/51","targetHints":{"allow":["GET"]}}],"collection":[{"href":"https:\/\/nopikex.com\/en\/wp-json\/wp\/v2\/pages"}],"about":[{"href":"https:\/\/nopikex.com\/en\/wp-json\/wp\/v2\/types\/page"}],"author":[{"embeddable":true,"href":"https:\/\/nopikex.com\/en\/wp-json\/wp\/v2\/users\/1"}],"replies":[{"embeddable":true,"href":"https:\/\/nopikex.com\/en\/wp-json\/wp\/v2\/comments?post=51"}],"version-history":[{"count":26,"href":"https:\/\/nopikex.com\/en\/wp-json\/wp\/v2\/pages\/51\/revisions"}],"predecessor-version":[{"id":461,"href":"https:\/\/nopikex.com\/en\/wp-json\/wp\/v2\/pages\/51\/revisions\/461"}],"wp:attachment":[{"href":"https:\/\/nopikex.com\/en\/wp-json\/wp\/v2\/media?parent=51"}],"curies":[{"name":"wp","href":"https:\/\/api.w.org\/{rel}","templated":true}]}}