{"id":63,"date":"2025-08-13T13:47:01","date_gmt":"2025-08-13T18:47:01","guid":{"rendered":"https:\/\/nopikex.com\/?page_id=63"},"modified":"2025-12-11T21:12:56","modified_gmt":"2025-12-12T02:12:56","slug":"nuestra-empresa","status":"publish","type":"page","link":"https:\/\/nopikex.com\/en\/nuestra-empresa\/","title":{"rendered":"Our company"},"content":{"rendered":"<div class=\"wp-block-uagb-container uagb-block-96239af6 alignfull uagb-is-root-container\"><div class=\"uagb-container-inner-blocks-wrap\">\r\n<div class=\"wp-block-uagb-advanced-heading uagb-block-6a2e4fb7\"><h2 class=\"uagb-heading-text\">Our company<\/h2><\/div>\r\n<\/div><\/div>\r\n\r\n\r\n\r\n<div class=\"wp-block-uagb-container uagb-block-f7abc1c6 alignfull uagb-is-root-container\"><div class=\"uagb-container-inner-blocks-wrap\">\r\n<div class=\"wp-block-uagb-advanced-heading uagb-block-4045d58c\"><p class=\"uagb-heading-text\"><strong>Salder S. A. S<\/strong>&nbsp;se especializa en el desarrollo y producci\u00f3n de productos para repeler mosquitos y otros insectos hemat\u00f3fagos (que se alimentan de sangre). Los productos principales de Salder, todos formulados en forma de jab\u00f3n, son&nbsp;NOPIKEX\u00ae&nbsp;(repelente para uso t\u00f3pico),&nbsp;IMPREGNET\u00ae&nbsp;(para la aplicaci\u00f3n de insecticida a mosquiteros\/toldillos y prendas de vestir),&nbsp;PIOTOX\u00ae&nbsp;(para el control de piojos) y&nbsp;KARRANKIL\u00ae&nbsp;(para el tratamiento de la escabiosis).<br>The trend of rigorous studies of scientists and governments are concerned by the increasing difficulty in the prevention and control of tropical diseases led us to the beginning of the decade of 80 to work with a repellent to a soap base that off of low-cost, highest efficiency and easy-to-use by the entire community. The significant need of a product of these characteristics was the origin of Salder Limited and NOPIKEX\u00ae your first product. Since then, by means of rigorous field work has demonstrated the effectiveness of NOPIKEX\u00ae. These were funded by the World Health Organization, UNDP\/World Bank\/WHO Special Programme for Research and Training in Tropical Diseases (TDR), the Council of Medical Research in the United Kingdom, National Institute of Health of the united States, Commission of the European Community, Directorate-General for Science, Research and Development, Institute of Hygiene and Tropical Public Health at the University of Heidelberg, Germany.<br>In 1 993 Salder Limited added his experience in the manufacture of products for the prevention and control of tropical diseases to that of one of the laboratories of the oldest and largest of Colombia, with results that exceeded all predictions and expectations to obtain an increase in sales of units of more than 1000%.<br>Subsequently, recognising the ongoing and imperative need of personal protection against hematophagous insects, we focus on the formulation of a product of equal effectiveness, and low cost to be impregnated with insecticide mosquito nets and clothing. In 1997 we began to produce and market IMPREGNET\u00ae.<br>Together NOPIKEX\u00ae and IMPREGNET\u00ae represent a significant advancement of the proven and very low-cost personal protection against hematophagous insects, preventing, Malaria, Dengue and other vector-borne diseases. Our goal is to put them within the reach of the greatest number of people possible and to this end we welcome information from companies interested in distributing our products.<\/p><\/div>\r\n<\/div><\/div>","protected":false},"excerpt":{"rendered":"<p>Nuestra empresa Salder S.A.S&nbsp;se especializa en el desarrollo y producci\u00f3n de productos para repeler mosquitos y otros insectos hemat\u00f3fagos (que [&hellip;]<\/p>","protected":false},"author":1,"featured_media":0,"parent":0,"menu_order":0,"comment_status":"closed","ping_status":"closed","template":"","meta":{"_uag_custom_page_level_css":"","site-sidebar-layout":"default","site-content-layout":"","ast-site-content-layout":"default","site-content-style":"default","site-sidebar-style":"default","ast-global-header-display":"","ast-banner-title-visibility":"","ast-main-header-display":"","ast-hfb-above-header-display":"","ast-hfb-below-header-display":"","ast-hfb-mobile-header-display":"","site-post-title":"disabled","ast-breadcrumbs-content":"","ast-featured-img":"","footer-sml-layout":"","ast-disable-related-posts":"","theme-transparent-header-meta":"","adv-header-id-meta":"","stick-header-meta":"","header-above-stick-meta":"","header-main-stick-meta":"","header-below-stick-meta":"","astra-migrate-meta-layouts":"default","ast-page-background-enabled":"default","ast-page-background-meta":{"desktop":{"background-color":"var(--ast-global-color-5)","background-image":"","background-repeat":"repeat","background-position":"center center","background-size":"auto","background-attachment":"scroll","background-type":"","background-media":"","overlay-type":"","overlay-color":"","overlay-opacity":"","overlay-gradient":""},"tablet":{"background-color":"","background-image":"","background-repeat":"repeat","background-position":"center center","background-size":"auto","background-attachment":"scroll","background-type":"","background-media":"","overlay-type":"","overlay-color":"","overlay-opacity":"","overlay-gradient":""},"mobile":{"background-color":"","background-image":"","background-repeat":"repeat","background-position":"center center","background-size":"auto","background-attachment":"scroll","background-type":"","background-media":"","overlay-type":"","overlay-color":"","overlay-opacity":"","overlay-gradient":""}},"ast-content-background-meta":{"desktop":{"background-color":"var(--ast-global-color-4)","background-image":"","background-repeat":"repeat","background-position":"center center","background-size":"auto","background-attachment":"scroll","background-type":"","background-media":"","overlay-type":"","overlay-color":"","overlay-opacity":"","overlay-gradient":""},"tablet":{"background-color":"var(--ast-global-color-4)","background-image":"","background-repeat":"repeat","background-position":"center center","background-size":"auto","background-attachment":"scroll","background-type":"","background-media":"","overlay-type":"","overlay-color":"","overlay-opacity":"","overlay-gradient":""},"mobile":{"background-color":"var(--ast-global-color-4)","background-image":"","background-repeat":"repeat","background-position":"center center","background-size":"auto","background-attachment":"scroll","background-type":"","background-media":"","overlay-type":"","overlay-color":"","overlay-opacity":"","overlay-gradient":""}},"footnotes":""},"class_list":["post-63","page","type-page","status-publish","hentry"],"uagb_featured_image_src":{"full":false,"thumbnail":false,"medium":false,"medium_large":false,"large":false,"1536x1536":false,"2048x2048":false,"trp-custom-language-flag":false},"uagb_author_info":{"display_name":"admin","author_link":"https:\/\/nopikex.com\/en\/author\/admin\/"},"uagb_comment_info":0,"uagb_excerpt":"Nuestra empresa Salder S.A.S&nbsp;se especializa en el desarrollo y producci\u00f3n de productos para repeler mosquitos y otros insectos hemat\u00f3fagos (que [&hellip;]","_links":{"self":[{"href":"https:\/\/nopikex.com\/en\/wp-json\/wp\/v2\/pages\/63","targetHints":{"allow":["GET"]}}],"collection":[{"href":"https:\/\/nopikex.com\/en\/wp-json\/wp\/v2\/pages"}],"about":[{"href":"https:\/\/nopikex.com\/en\/wp-json\/wp\/v2\/types\/page"}],"author":[{"embeddable":true,"href":"https:\/\/nopikex.com\/en\/wp-json\/wp\/v2\/users\/1"}],"replies":[{"embeddable":true,"href":"https:\/\/nopikex.com\/en\/wp-json\/wp\/v2\/comments?post=63"}],"version-history":[{"count":12,"href":"https:\/\/nopikex.com\/en\/wp-json\/wp\/v2\/pages\/63\/revisions"}],"predecessor-version":[{"id":460,"href":"https:\/\/nopikex.com\/en\/wp-json\/wp\/v2\/pages\/63\/revisions\/460"}],"wp:attachment":[{"href":"https:\/\/nopikex.com\/en\/wp-json\/wp\/v2\/media?parent=63"}],"curies":[{"name":"wp","href":"https:\/\/api.w.org\/{rel}","templated":true}]}}