{"id":76,"date":"2025-08-13T14:00:33","date_gmt":"2025-08-13T19:00:33","guid":{"rendered":"https:\/\/nopikex.com\/?page_id=76"},"modified":"2025-12-18T23:53:43","modified_gmt":"2025-12-19T04:53:43","slug":"nopikex","status":"publish","type":"page","link":"https:\/\/nopikex.com\/en\/nopikex\/","title":{"rendered":"Nopikex"},"content":{"rendered":"<div class=\"wp-block-uagb-container uagb-block-ac060857 alignfull uagb-is-root-container\"><div class=\"uagb-container-inner-blocks-wrap\">\n<div class=\"wp-block-uagb-advanced-heading uagb-block-140135cb\"><h2 class=\"uagb-heading-text\">Nopikex<\/h2><\/div>\n\n\n\n<div class=\"wp-block-uagb-container uagb-block-9129ce8f alignfull uagb-is-root-container\"><div class=\"uagb-container-inner-blocks-wrap\">\n<div class=\"wp-block-uagb-container uagb-block-66ead7d3\">\n<div class=\"wp-block-uagb-image uagb-block-e28c3167 wp-block-uagb-image--layout-default wp-block-uagb-image--effect-static wp-block-uagb-image--align-none\"><figure class=\"wp-block-uagb-image__figure\"><img decoding=\"async\" srcset=\"https:\/\/nopikex.com\/wp-content\/uploads\/2025\/12\/Gemini_Generated_Image_4qhaan4qhaan4qha-300x281.png ,https:\/\/nopikex.com\/wp-content\/uploads\/2025\/12\/Gemini_Generated_Image_4qhaan4qhaan4qha.png 780w, https:\/\/nopikex.com\/wp-content\/uploads\/2025\/12\/Gemini_Generated_Image_4qhaan4qhaan4qha.png 360w\" sizes=\"auto, (max-width: 480px) 150px\" src=\"https:\/\/nopikex.com\/wp-content\/uploads\/2025\/12\/Gemini_Generated_Image_4qhaan4qhaan4qha-300x281.png\" alt=\"\" class=\"uag-image-423\" width=\"250\" height=\"230\" title=\"Gemini_Generated_Image_4qhaan4qhaan4qha\" loading=\"lazy\" role=\"img\"\/><\/figure><\/div>\n\n\n\n<div class=\"wp-block-uagb-advanced-heading uagb-block-98fc65b9\"><h5 class=\"uagb-heading-text\"><strong>NOPIKEX\u00ae<\/strong><\/h5><\/div>\n\n\n\n<div class=\"wp-block-uagb-advanced-heading uagb-block-fa19792d\"><p class=\"uagb-heading-text\"><strong>Active<\/strong>: DEET @ 22%<\/p><\/div>\n\n\n\n<div class=\"wp-block-uagb-advanced-heading uagb-block-411e232c\"><p class=\"uagb-heading-text\"><strong>Presentation<\/strong>: 50 G bar<\/p><\/div>\n\n\n\n<div class=\"wp-block-uagb-advanced-heading uagb-block-77d1a4ff\"><h5 class=\"uagb-heading-text\"><strong>Protects up to 8 hours <\/strong><\/h5><\/div>\n<\/div>\n\n\n\n<div class=\"wp-block-uagb-container uagb-block-72b3d5e0\">\n<div class=\"wp-block-uagb-image uagb-block-6ae35478 wp-block-uagb-image--layout-default wp-block-uagb-image--effect-static wp-block-uagb-image--align-none\"><figure class=\"wp-block-uagb-image__figure\"><img decoding=\"async\" srcset=\"https:\/\/nopikex.com\/wp-content\/uploads\/2025\/12\/Gemini_Generated_Image_v7n56iv7n56iv7n5-128x300.png ,https:\/\/nopikex.com\/wp-content\/uploads\/2025\/12\/Gemini_Generated_Image_v7n56iv7n56iv7n5.png 780w, https:\/\/nopikex.com\/wp-content\/uploads\/2025\/12\/Gemini_Generated_Image_v7n56iv7n56iv7n5.png 360w\" sizes=\"auto, (max-width: 480px) 150px\" src=\"https:\/\/nopikex.com\/wp-content\/uploads\/2025\/12\/Gemini_Generated_Image_v7n56iv7n56iv7n5-128x300.png\" alt=\"\" class=\"uag-image-425\" width=\"128\" height=\"300\" title=\"Gemini_Generated_Image_v7n56iv7n56iv7n5\" loading=\"lazy\" role=\"img\"\/><\/figure><\/div>\n\n\n\n<div class=\"wp-block-uagb-advanced-heading uagb-block-119a1665\"><h5 class=\"uagb-heading-text\"><strong>NOPIKEX\u00ae<\/strong><\/h5><\/div>\n\n\n\n<div class=\"wp-block-uagb-advanced-heading uagb-block-e9bb8b1e\"><p class=\"uagb-heading-text\"><strong>Active<\/strong>: DEET @ 23.8%<\/p><\/div>\n\n\n\n<div class=\"wp-block-uagb-advanced-heading uagb-block-17665bb4\"><p class=\"uagb-heading-text\"><strong>Presentation<\/strong>: 120 ml&nbsp;Botella de spray<\/p><\/div>\n\n\n\n<div class=\"wp-block-uagb-advanced-heading uagb-block-6d9ab476\"><h5 class=\"uagb-heading-text\"><strong>Protects up to 8 hours <\/strong><\/h5><\/div>\n<\/div>\n<\/div><\/div>\n<\/div><\/div>\n\n\n\n<div class=\"wp-block-uagb-container uagb-block-257dfc9f alignfull uagb-is-root-container\"><div class=\"uagb-container-inner-blocks-wrap\">\n<div class=\"wp-block-uagb-advanced-heading uagb-block-a03efa6f\"><p class=\"uagb-heading-text\"><strong>NOPIKEX\u00ae<\/strong>&nbsp;it is an insect repellent staff formulated as a soap, which provides protection for up to 8 hours against mosquitoes and other biting insects. To avoid the contact man \/ vector,&nbsp;<strong>NOPIKEX\u00ae<\/strong>&nbsp;you can help to reduce the incidence of vector-borne diseases, such as malaria, dengue, leishmaniasis, filariasis, Chikungunya, West Nile virus, yellow fever, and Lyme disease.<br>Esta formulaci\u00f3n, gracias a su eficacia como repelente persistente, su aceptabilidad para los trabajadores de salud, su bajo costo, simplicidad, facilidad de aplicaci\u00f3n, su&nbsp;vida \u00fatil prolongada y la idoneidad para el transporte; que no es ni perecedero o mas dif\u00edcil de aplicar que un jab\u00f3n, un producto conocido para todas las culturas y entendido en el contexto de todos los ambientes humanos, es un producto que se presta a la amplia aceptaci\u00f3n por parte de las familias de bajos ingresos, as\u00ed como todos los otros segmentos de las poblaciones expuestas a las enfermedades transmitidas por vectores.<br>NOPIKEX\u00ae is available in solid (soap tablets 50 mg) and liquid (120 ml spray bottle).<\/p><\/div>\n\n\n\n<div class=\"wp-block-uagb-advanced-heading uagb-block-e0df5048\"><p class=\"uagb-heading-text\">The spread of vector-borne diseases is only likely to increase, mainly due to the migration of the population, climate change and increased travel. These conditions make that personal protection is a matter of necessity and not by choice.<\/p><\/div>\n\n\n\n<div class=\"wp-block-uagb-advanced-heading uagb-block-4b22d65d\"><p class=\"uagb-heading-text\"><strong>Reasons to prefer to NOPIKEX\u00ae<\/strong><\/p><\/div>\n\n\n\n<ul class=\"wp-block-list\">\n<li>NOPIKEX\u00ae proporciona&nbsp;protecci\u00f3n prolongada. En&nbsp;Trabajos de Campo&nbsp;se demostr\u00f3 que el jab\u00f3n repelente ofrece hasta 12 horas de buena protecci\u00f3n contra picaduras de mosquitos.<\/li>\n\n\n\n<li>NOPIKEX\u00ae contiene bajas concentraciones de componentes activos. La baja concentraci\u00f3n de Deet y la protecci\u00f3n prolongada de NOPIKEX\u00ae contra mosquitos y dem\u00e1s insectos hemat\u00f3fagos (que se alimentan de sangre), representa una ventaja significativa sobre otros repelentes. Los par\u00e1metros de este sector industrial indican que el repelente \u00f3ptimo es aquel que no requiere reaplicaci\u00f3n en por lo menos6 horas y debe contener menos de 30% de DEET. &nbsp;Las diferentes presentaciones de NOPIKEX\u00ae contienen 10%, 22%, o 23.8% de DEET.<\/li>\n\n\n\n<li>NOPIKEX\u00ae is effective against a variety of insects including ticks that may transmit Lyme disease and jej\u00e9nes that can transmit leishmaniasis.<\/li>\n\n\n\n<li>NOPIKEX\u00ae es de muy bajo costo,&nbsp;liviano, compacto y f\u00e1cil de transportar y almacenar \u2013&nbsp;Una barra de NOPIKEX\u00ae de 50 gramos (4 cm x 4 cm x 2 cm) proporciona protecci\u00f3n para un adulto por mas de 30 dias con uso diario.<\/li>\n\n\n\n<li>NOPIKEX\u00ae es amable con el medio ambiente. Su presentaci\u00f3n como una barra de &nbsp;jab\u00f3n permite 100% del uso del producto sin residuo alguno y el empaque tiene uso alternativo.<\/li>\n\n\n\n<li>OPIKEX\u00ae is not perishable, while maintaining its effectiveness for a long time.<\/li>\n\n\n\n<li>NOPIKEX\u00ae has no contra-indication.<\/li>\n\n\n\n<li>NOPIKEX\u00ae after you apply, it is invisible, its use is not annoying and is virtually odorless.<\/li>\n\n\n\n<li>NOPIKEX\u00ae has proven themselves through rigorous scientific research.<\/li>\n\n\n\n<li>NOPIKEX\u00ae is assimilated in its use as soap, in the wide dissemination of cultural and usable in all ecological context.<\/li>\n\n\n\n<li>NOPIKEX\u00ae is easy to apply and great acceptance among low-income families, as well as other segments of the community exposed to diseases transmitted by vectors.<\/li>\n\n\n\n<li>NOPIKEX\u00ae does not require specialized personnel, facilities, expensive or sophisticated equipment to promote, implement and monitor their use in endemic areas.<\/li>\n<\/ul>\n\n\n\n<div class=\"wp-block-uagb-advanced-heading uagb-block-d3ba434b\"><p class=\"uagb-heading-text\">Esta elemental tecnolog\u00eda convierte a&nbsp;NOPIKEX\u00ae en el arma b\u00e1sica en programas sostenibles de prevenci\u00f3n.<\/p><\/div>\n\n\n\n<div class=\"wp-block-uagb-advanced-heading uagb-block-e228b465\"><p class=\"uagb-heading-text\"><strong>The following Institutions have financed the work of field NOPIKEX\u00ae:<\/strong><\/p><\/div>\n\n\n\n<ul class=\"wp-block-list\">\n<li>UNDP\/World Bank\/WHO Special Programme for Research and Training in Tropical Diseases (TDR)<\/li>\n\n\n\n<li>The British Medical Research Council<\/li>\n\n\n\n<li>The US National Institutes of Health<\/li>\n\n\n\n<li>European Community Commission Special Programme for the Sciences, Research and Development. (Contract NO. TS2-0062-D).<\/li>\n\n\n\n<li>Armed Forces, Colombia<\/li>\n\n\n\n<li>Ministerios de Salud de: Colombia, Ecuador, and&nbsp;Per\u00fa<\/li>\n<\/ul>\n\n\n\n<div class=\"wp-block-uagb-advanced-heading uagb-block-cc89c369\"><p class=\"uagb-heading-text\"><strong><strong>NOPIKEX\u00ae is available in the following presentations<\/strong><br><\/strong><\/p><\/div>\n\n\n\n<ul class=\"wp-block-list\">\n<li>NOPIKEX\u00ae Liquid, Children: DEET (Diethyltoluamide) 10%<\/li>\n\n\n\n<li>NOPIKOOL\u00ae Liquid: Adults: DEET (Diethyltoluamide) 23.8%<\/li>\n\n\n\n<li>NOPIKOOL\u00ae Liquid, Children: DEET (Diethyltoluamide) 10%<\/li>\n<\/ul>\n\n\n\n<div class=\"wp-block-uagb-advanced-heading uagb-block-f79317f2\"><p class=\"uagb-heading-text\"><strong><strong><strong>Method of Application:<\/strong><br><\/strong><\/strong><\/p><\/div>\n\n\n\n<div class=\"wp-block-uagb-advanced-heading uagb-block-289306b1\"><p class=\"uagb-heading-text\">    1. Enter part of the bar in water or moisten the skin.<br>    2.Rub with bar and evenly distribute the white lotion until it disappears.<\/p><\/div>\n\n\n\n<div class=\"wp-block-uagb-advanced-heading uagb-block-bdf3f08f\"><p class=\"uagb-heading-text\"><br>NO SE JUAGUE. La loci\u00f3n se puede aplicar a la ropa para mayor protecci\u00f3n. &nbsp;Al secarse NOPIKEX\u00ae es invisible, no grasoso e inoloro. Como con jab\u00f3nes y repelentes se debe evitar el contacto con ojos y mucosas.<\/p><\/div>\n<\/div><\/div>\n\n\n\n<p><\/p>","protected":false},"excerpt":{"rendered":"<p>Nopikex NOPIKEX\u00ae Activo: DEET @ 22% Presentaci\u00f3n: 50 G barra Proteje hasta de 8 horas NOPIKEX\u00ae Activo: DEET @ 23.8% [&hellip;]<\/p>","protected":false},"author":1,"featured_media":0,"parent":0,"menu_order":0,"comment_status":"closed","ping_status":"closed","template":"","meta":{"_uag_custom_page_level_css":"","site-sidebar-layout":"default","site-content-layout":"","ast-site-content-layout":"default","site-content-style":"default","site-sidebar-style":"default","ast-global-header-display":"","ast-banner-title-visibility":"","ast-main-header-display":"","ast-hfb-above-header-display":"","ast-hfb-below-header-display":"","ast-hfb-mobile-header-display":"","site-post-title":"disabled","ast-breadcrumbs-content":"","ast-featured-img":"","footer-sml-layout":"","ast-disable-related-posts":"","theme-transparent-header-meta":"","adv-header-id-meta":"","stick-header-meta":"","header-above-stick-meta":"","header-main-stick-meta":"","header-below-stick-meta":"","astra-migrate-meta-layouts":"default","ast-page-background-enabled":"default","ast-page-background-meta":{"desktop":{"background-color":"var(--ast-global-color-5)","background-image":"","background-repeat":"repeat","background-position":"center center","background-size":"auto","background-attachment":"scroll","background-type":"","background-media":"","overlay-type":"","overlay-color":"","overlay-opacity":"","overlay-gradient":""},"tablet":{"background-color":"","background-image":"","background-repeat":"repeat","background-position":"center center","background-size":"auto","background-attachment":"scroll","background-type":"","background-media":"","overlay-type":"","overlay-color":"","overlay-opacity":"","overlay-gradient":""},"mobile":{"background-color":"","background-image":"","background-repeat":"repeat","background-position":"center center","background-size":"auto","background-attachment":"scroll","background-type":"","background-media":"","overlay-type":"","overlay-color":"","overlay-opacity":"","overlay-gradient":""}},"ast-content-background-meta":{"desktop":{"background-color":"var(--ast-global-color-4)","background-image":"","background-repeat":"repeat","background-position":"center center","background-size":"auto","background-attachment":"scroll","background-type":"","background-media":"","overlay-type":"","overlay-color":"","overlay-opacity":"","overlay-gradient":""},"tablet":{"background-color":"var(--ast-global-color-4)","background-image":"","background-repeat":"repeat","background-position":"center center","background-size":"auto","background-attachment":"scroll","background-type":"","background-media":"","overlay-type":"","overlay-color":"","overlay-opacity":"","overlay-gradient":""},"mobile":{"background-color":"var(--ast-global-color-4)","background-image":"","background-repeat":"repeat","background-position":"center center","background-size":"auto","background-attachment":"scroll","background-type":"","background-media":"","overlay-type":"","overlay-color":"","overlay-opacity":"","overlay-gradient":""}},"footnotes":""},"class_list":["post-76","page","type-page","status-publish","hentry"],"uagb_featured_image_src":{"full":false,"thumbnail":false,"medium":false,"medium_large":false,"large":false,"1536x1536":false,"2048x2048":false,"trp-custom-language-flag":false},"uagb_author_info":{"display_name":"admin","author_link":"https:\/\/nopikex.com\/en\/author\/admin\/"},"uagb_comment_info":0,"uagb_excerpt":"Nopikex NOPIKEX\u00ae Activo: DEET @ 22% Presentaci\u00f3n: 50 G barra Proteje hasta de 8 horas NOPIKEX\u00ae Activo: DEET @ 23.8% [&hellip;]","_links":{"self":[{"href":"https:\/\/nopikex.com\/en\/wp-json\/wp\/v2\/pages\/76","targetHints":{"allow":["GET"]}}],"collection":[{"href":"https:\/\/nopikex.com\/en\/wp-json\/wp\/v2\/pages"}],"about":[{"href":"https:\/\/nopikex.com\/en\/wp-json\/wp\/v2\/types\/page"}],"author":[{"embeddable":true,"href":"https:\/\/nopikex.com\/en\/wp-json\/wp\/v2\/users\/1"}],"replies":[{"embeddable":true,"href":"https:\/\/nopikex.com\/en\/wp-json\/wp\/v2\/comments?post=76"}],"version-history":[{"count":22,"href":"https:\/\/nopikex.com\/en\/wp-json\/wp\/v2\/pages\/76\/revisions"}],"predecessor-version":[{"id":510,"href":"https:\/\/nopikex.com\/en\/wp-json\/wp\/v2\/pages\/76\/revisions\/510"}],"wp:attachment":[{"href":"https:\/\/nopikex.com\/en\/wp-json\/wp\/v2\/media?parent=76"}],"curies":[{"name":"wp","href":"https:\/\/api.w.org\/{rel}","templated":true}]}}