{"id":78,"date":"2025-08-13T14:01:57","date_gmt":"2025-08-13T19:01:57","guid":{"rendered":"https:\/\/nopikex.com\/?page_id=78"},"modified":"2025-12-19T09:29:24","modified_gmt":"2025-12-19T14:29:24","slug":"nopikex-ninos","status":"publish","type":"page","link":"https:\/\/nopikex.com\/en\/nopikex-ninos\/","title":{"rendered":"Nopikex for Kids"},"content":{"rendered":"<div class=\"wp-block-uagb-container uagb-block-ac060857 alignfull uagb-is-root-container\"><div class=\"uagb-container-inner-blocks-wrap\">\n<div class=\"wp-block-uagb-advanced-heading uagb-block-140135cb\"><h2 class=\"uagb-heading-text\">Nopikex for Kids<\/h2><\/div>\n\n\n\n<div class=\"wp-block-uagb-container uagb-block-9129ce8f alignfull uagb-is-root-container\"><div class=\"uagb-container-inner-blocks-wrap\">\n<div class=\"wp-block-uagb-container uagb-block-72b3d5e0\">\n<div class=\"wp-block-uagb-image uagb-block-6ae35478 wp-block-uagb-image--layout-default wp-block-uagb-image--effect-static wp-block-uagb-image--align-none\"><figure class=\"wp-block-uagb-image__figure\"><img decoding=\"async\" srcset=\"https:\/\/nopikex.com\/wp-content\/uploads\/2025\/12\/Gemini_Generated_Image_vct09dvct09dvct0-128x300.png ,https:\/\/nopikex.com\/wp-content\/uploads\/2025\/12\/Gemini_Generated_Image_vct09dvct09dvct0.png 780w, https:\/\/nopikex.com\/wp-content\/uploads\/2025\/12\/Gemini_Generated_Image_vct09dvct09dvct0.png 360w\" sizes=\"auto, (max-width: 480px) 150px\" src=\"https:\/\/nopikex.com\/wp-content\/uploads\/2025\/12\/Gemini_Generated_Image_vct09dvct09dvct0-128x300.png\" alt=\"\" class=\"uag-image-424\" width=\"128\" height=\"300\" title=\"Gemini_Generated_Image_vct09dvct09dvct0\" loading=\"lazy\" role=\"img\"\/><\/figure><\/div>\n\n\n\n<div class=\"wp-block-uagb-advanced-heading uagb-block-119a1665\"><h5 class=\"uagb-heading-text\"><strong><strong>NOPIKEX\u00ae&nbsp;NI\u00d1OS<\/strong><\/strong><\/h5><\/div>\n\n\n\n<div class=\"wp-block-uagb-advanced-heading uagb-block-e9bb8b1e\"><p class=\"uagb-heading-text\"><strong>Active: <\/strong>DEET @ 10%<\/p><\/div>\n\n\n\n<div class=\"wp-block-uagb-advanced-heading uagb-block-17665bb4\"><p class=\"uagb-heading-text\"><strong>Presentation<\/strong>: 120 ml&nbsp;Botella de spray<\/p><\/div>\n\n\n\n<div class=\"wp-block-uagb-advanced-heading uagb-block-6d9ab476\"><h5 class=\"uagb-heading-text\"><strong>Protection up to 6 hours <\/strong><\/h5><\/div>\n<\/div>\n<\/div><\/div>\n<\/div><\/div>\n\n\n\n<div class=\"wp-block-uagb-container uagb-block-257dfc9f alignfull uagb-is-root-container\"><div class=\"uagb-container-inner-blocks-wrap\">\n<div class=\"wp-block-uagb-advanced-heading uagb-block-a03efa6f justificado\"><p class=\"uagb-heading-text\">La gama de productos NOPIKEX\u00ae para ni\u00f1os de Salder&nbsp;ha sido formulada espec\u00edficamente para su uso por los ni\u00f1os y contiene una concentraci\u00f3n mucho m\u00e1s baja de ingrediente activo (DEET al 10%), mientras que todav\u00eda proporciona protecci\u00f3n por un m\u00e1ximo de 6 horas.<\/p><\/div>\n\n\n\n<div class=\"wp-block-uagb-advanced-heading uagb-block-0228305e\"><p class=\"uagb-heading-text\"><br>Al aplicar NOPIKEX\u00ae NI\u00d1OS&nbsp;(o cualquier otro repelente) a&nbsp;los&nbsp;ni\u00f1os, es importante asegurarse de que sus manos no queden totalmente cubiertas con el repelente. Esto se debe a que los ni\u00f1os por lo general no son conscientes de, o se olvidan, que NOPIKEX\u00ae NI\u00d1OS es un jab\u00f3n y pueden frotarse los ojos o meterse los&nbsp;dedos en la boca. Y, aunque no es probable que cause un da\u00f1o considerable, es probable que cause irritaci\u00f3n de los ojos y seguramente les va a dejar un sabor desagradable.<\/p><\/div>\n<\/div><\/div>\n\n\n\n<p><\/p>","protected":false},"excerpt":{"rendered":"<p>Nopikex Ni\u00f1os NOPIKEX\u00ae&nbsp;NI\u00d1OS Activo: DEET @ 10% Presentaci\u00f3n: 120 ml&nbsp;Botella de spray Protecci\u00f3n hasta de 6 horas La gama de [&hellip;]<\/p>","protected":false},"author":1,"featured_media":0,"parent":0,"menu_order":0,"comment_status":"closed","ping_status":"closed","template":"","meta":{"_uag_custom_page_level_css":"","site-sidebar-layout":"default","site-content-layout":"","ast-site-content-layout":"default","site-content-style":"default","site-sidebar-style":"default","ast-global-header-display":"","ast-banner-title-visibility":"","ast-main-header-display":"","ast-hfb-above-header-display":"","ast-hfb-below-header-display":"","ast-hfb-mobile-header-display":"","site-post-title":"disabled","ast-breadcrumbs-content":"","ast-featured-img":"","footer-sml-layout":"","ast-disable-related-posts":"","theme-transparent-header-meta":"","adv-header-id-meta":"","stick-header-meta":"","header-above-stick-meta":"","header-main-stick-meta":"","header-below-stick-meta":"","astra-migrate-meta-layouts":"default","ast-page-background-enabled":"default","ast-page-background-meta":{"desktop":{"background-color":"var(--ast-global-color-5)","background-image":"","background-repeat":"repeat","background-position":"center center","background-size":"auto","background-attachment":"scroll","background-type":"","background-media":"","overlay-type":"","overlay-color":"","overlay-opacity":"","overlay-gradient":""},"tablet":{"background-color":"","background-image":"","background-repeat":"repeat","background-position":"center center","background-size":"auto","background-attachment":"scroll","background-type":"","background-media":"","overlay-type":"","overlay-color":"","overlay-opacity":"","overlay-gradient":""},"mobile":{"background-color":"","background-image":"","background-repeat":"repeat","background-position":"center center","background-size":"auto","background-attachment":"scroll","background-type":"","background-media":"","overlay-type":"","overlay-color":"","overlay-opacity":"","overlay-gradient":""}},"ast-content-background-meta":{"desktop":{"background-color":"var(--ast-global-color-4)","background-image":"","background-repeat":"repeat","background-position":"center center","background-size":"auto","background-attachment":"scroll","background-type":"","background-media":"","overlay-type":"","overlay-color":"","overlay-opacity":"","overlay-gradient":""},"tablet":{"background-color":"var(--ast-global-color-4)","background-image":"","background-repeat":"repeat","background-position":"center center","background-size":"auto","background-attachment":"scroll","background-type":"","background-media":"","overlay-type":"","overlay-color":"","overlay-opacity":"","overlay-gradient":""},"mobile":{"background-color":"var(--ast-global-color-4)","background-image":"","background-repeat":"repeat","background-position":"center center","background-size":"auto","background-attachment":"scroll","background-type":"","background-media":"","overlay-type":"","overlay-color":"","overlay-opacity":"","overlay-gradient":""}},"footnotes":""},"class_list":["post-78","page","type-page","status-publish","hentry"],"uagb_featured_image_src":{"full":false,"thumbnail":false,"medium":false,"medium_large":false,"large":false,"1536x1536":false,"2048x2048":false,"trp-custom-language-flag":false},"uagb_author_info":{"display_name":"admin","author_link":"https:\/\/nopikex.com\/en\/author\/admin\/"},"uagb_comment_info":0,"uagb_excerpt":"Nopikex Ni\u00f1os NOPIKEX\u00ae&nbsp;NI\u00d1OS Activo: DEET @ 10% Presentaci\u00f3n: 120 ml&nbsp;Botella de spray Protecci\u00f3n hasta de 6 horas La gama de [&hellip;]","_links":{"self":[{"href":"https:\/\/nopikex.com\/en\/wp-json\/wp\/v2\/pages\/78","targetHints":{"allow":["GET"]}}],"collection":[{"href":"https:\/\/nopikex.com\/en\/wp-json\/wp\/v2\/pages"}],"about":[{"href":"https:\/\/nopikex.com\/en\/wp-json\/wp\/v2\/types\/page"}],"author":[{"embeddable":true,"href":"https:\/\/nopikex.com\/en\/wp-json\/wp\/v2\/users\/1"}],"replies":[{"embeddable":true,"href":"https:\/\/nopikex.com\/en\/wp-json\/wp\/v2\/comments?post=78"}],"version-history":[{"count":10,"href":"https:\/\/nopikex.com\/en\/wp-json\/wp\/v2\/pages\/78\/revisions"}],"predecessor-version":[{"id":511,"href":"https:\/\/nopikex.com\/en\/wp-json\/wp\/v2\/pages\/78\/revisions\/511"}],"wp:attachment":[{"href":"https:\/\/nopikex.com\/en\/wp-json\/wp\/v2\/media?parent=78"}],"curies":[{"name":"wp","href":"https:\/\/api.w.org\/{rel}","templated":true}]}}